{"id":876,"date":"2025-10-06T21:01:12","date_gmt":"2025-10-07T00:01:12","guid":{"rendered":"https:\/\/mackennacruzat.cl\/mackenna2025\/?page_id=876"},"modified":"2026-05-14T14:08:05","modified_gmt":"2026-05-14T18:08:05","slug":"home","status":"publish","type":"page","link":"https:\/\/mackennacruzat.cl\/en\/","title":{"rendered":"Home"},"content":{"rendered":"<p>[et_pb_section fb_built=\u00bb1&#8243; admin_label=\u00bbFoto 1&#8243; module_class=\u00bbpanel-section\u00bb _builder_version=\u00bb4.27.5&#8243; _module_preset=\u00bbdefault\u00bb background_color=\u00bbrgba(0,0,0,0.2)\u00bb background_image=\u00bbhttps:\/\/mackennacruzat.cl\/mackenna2025\/wp-content\/uploads\/2026\/05\/peter-olexa-RYtiT3b7XW4-unsplash-1-scaled.jpg\u00bb background_blend=\u00bboverlay\u00bb min_height=\u00bb100vh\u00bb hover_enabled=\u00bb0&#8243; custom_css_main_element=\u00bbbackground-attachment:fixed!important;||background-size:cover !important;\u00bb global_colors_info=\u00bb{}\u00bb custom_css_main_element_last_edited=\u00bbon|desktop\u00bb custom_css_main_element_phone=\u00bbbackground-attachment:scroll!important;||\u00bb custom_css_main_element_tablet=\u00bbbackground:fixed!important;\u00bb title_text=\u00bbpeter-olexa-RYtiT3b7XW4-unsplash\u00bb sticky_enabled=\u00bb0&#8243;][et_pb_row column_structure=\u00bb1_5,3_5,1_5&#8243; make_equal=\u00bbon\u00bb custom_padding_last_edited=\u00bbon|phone\u00bb _builder_version=\u00bb4.27.4&#8243; _module_preset=\u00bbdefault\u00bb positioning=\u00bbfixed\u00bb position_origin_f=\u00bbcenter_center\u00bb custom_padding=\u00bb25vh||25vh||false|false\u00bb custom_padding_tablet=\u00bb25vh||25vh||false|false\u00bb custom_padding_phone=\u00bb15vh||15vh||false|false\u00bb global_colors_info=\u00bb{}\u00bb custom_css_main_element_last_edited=\u00bbon|desktop\u00bb custom_css_main_element_phone=\u00bbdisplay:flex;\u00bb][et_pb_column type=\u00bb1_5&#8243; _builder_version=\u00bb4.27.4&#8243; _module_preset=\u00bbdefault\u00bb global_colors_info=\u00bb{}\u00bb custom_css_main_element_last_edited=\u00bbon|phone\u00bb custom_css_main_element_phone=\u00bbmax-width:50px;||padding-top:30px;\u00bb][et_pb_image src=\u00bbhttps:\/\/mackennacruzat.cl\/mackenna2025\/wp-content\/uploads\/2025\/08\/parentesis-der.svg\u00bb title_text=\u00bbparentesis-der\u00bb _builder_version=\u00bb4.27.4&#8243; _module_preset=\u00bbdefault\u00bb transform_rotate=\u00bb0deg|0deg|180deg\u00bb global_colors_info=\u00bb{}\u00bb][\/et_pb_image][\/et_pb_column][et_pb_column type=\u00bb3_5&#8243; _builder_version=\u00bb4.27.4&#8243; _module_preset=\u00bbdefault\u00bb custom_css_main_element=\u00bbmargin:auto;\u00bb global_colors_info=\u00bb{}\u00bb][et_pb_text admin_label=\u00bbTexto 1&#8243; _builder_version=\u00bb4.27.4&#8243; _module_preset=\u00bbdefault\u00bb header_2_text_align=\u00bbcenter\u00bb header_2_text_color=\u00bb#EFEDE9&#8243; header_2_font_size=\u00bb30px\u00bb header_2_line_height=\u00bb40px\u00bb max_width=\u00bb600px\u00bb module_alignment=\u00bbcenter\u00bb header_2_font_size_tablet=\u00bb30px\u00bb header_2_font_size_phone=\u00bb18px\u00bb header_2_font_size_last_edited=\u00bbon|phone\u00bb header_2_line_height_tablet=\u00bb40px\u00bb header_2_line_height_phone=\u00bb25px\u00bb header_2_line_height_last_edited=\u00bbon|phone\u00bb global_colors_info=\u00bb{}\u00bb]<\/p>\n<h2>We are a team of lawyers who work collectively to solve legal challenges.<\/h2>\n<p>[\/et_pb_text][\/et_pb_column][et_pb_column type=\u00bb1_5&#8243; _builder_version=\u00bb4.27.4&#8243; _module_preset=\u00bbdefault\u00bb global_colors_info=\u00bb{}\u00bb custom_css_main_element_last_edited=\u00bbon|phone\u00bb custom_css_main_element_phone=\u00bbmax-width:50px;||padding-top:30px;\u00bb][et_pb_image src=\u00bbhttps:\/\/mackennacruzat.cl\/mackenna2025\/wp-content\/uploads\/2025\/08\/parentesis-der.svg\u00bb title_text=\u00bbparentesis-der\u00bb _builder_version=\u00bb4.27.4&#8243; _module_preset=\u00bbdefault\u00bb global_colors_info=\u00bb{}\u00bb][\/et_pb_image][\/et_pb_column][\/et_pb_row][\/et_pb_section][et_pb_section fb_built=\u00bb1&#8243; admin_label=\u00bbFoto 2&#8243; module_class=\u00bbpanel-section\u00bb _builder_version=\u00bb4.27.4&#8243; _module_preset=\u00bbdefault\u00bb background_image=\u00bbhttps:\/\/mackennacruzat.cl\/mackenna2025\/wp-content\/uploads\/2025\/08\/ddd0c1fced8bb55219d94348c6a1fec0dec2d0e4.jpeg\u00bb min_height=\u00bb100vh\u00bb custom_css_main_element=\u00bbbackground-attachment:fixed!important;||background-size:cover !important;\u00bb global_colors_info=\u00bb{}\u00bb custom_css_main_element_last_edited=\u00bbon|phone\u00bb custom_css_main_element_phone=\u00bbbackground-attachment:scroll!important;||background-size:cover !important;\u00bb custom_css_main_element_tablet=\u00bbbackground:fixed!important;\u00bb][et_pb_row column_structure=\u00bb1_5,3_5,1_5&#8243; make_equal=\u00bbon\u00bb custom_padding_last_edited=\u00bbon|phone\u00bb _builder_version=\u00bb4.27.4&#8243; _module_preset=\u00bbdefault\u00bb positioning=\u00bbfixed\u00bb position_origin_f=\u00bbcenter_center\u00bb custom_padding=\u00bb25vh||25vh||false|false\u00bb custom_padding_tablet=\u00bb25vh||25vh||false|false\u00bb custom_padding_phone=\u00bb15vh||15vh||false|false\u00bb global_colors_info=\u00bb{}\u00bb custom_css_main_element_last_edited=\u00bbon|desktop\u00bb custom_css_main_element_phone=\u00bbdisplay:flex;\u00bb][et_pb_column type=\u00bb1_5&#8243; _builder_version=\u00bb4.27.4&#8243; _module_preset=\u00bbdefault\u00bb global_colors_info=\u00bb{}\u00bb custom_css_main_element_last_edited=\u00bbon|phone\u00bb custom_css_main_element_phone=\u00bbmax-width:50px;||padding-top:30px;\u00bb][et_pb_image src=\u00bbhttps:\/\/mackennacruzat.cl\/mackenna2025\/wp-content\/uploads\/2025\/08\/parentesis-der.svg\u00bb title_text=\u00bbparentesis-der\u00bb _builder_version=\u00bb4.27.4&#8243; _module_preset=\u00bbdefault\u00bb transform_rotate=\u00bb0deg|0deg|180deg\u00bb global_colors_info=\u00bb{}\u00bb][\/et_pb_image][\/et_pb_column][et_pb_column type=\u00bb3_5&#8243; _builder_version=\u00bb4.27.4&#8243; _module_preset=\u00bbdefault\u00bb custom_css_main_element=\u00bbmargin:auto;\u00bb global_colors_info=\u00bb{}\u00bb][et_pb_text admin_label=\u00bbTexto 2&#8243; _builder_version=\u00bb4.27.4&#8243; _module_preset=\u00bbdefault\u00bb header_2_text_align=\u00bbcenter\u00bb header_2_text_color=\u00bb#EFEDE9&#8243; header_2_font_size=\u00bb30px\u00bb header_2_line_height=\u00bb40px\u00bb max_width=\u00bb600px\u00bb module_alignment=\u00bbcenter\u00bb header_2_font_size_tablet=\u00bb30px\u00bb header_2_font_size_phone=\u00bb18px\u00bb header_2_font_size_last_edited=\u00bbon|phone\u00bb header_2_line_height_tablet=\u00bb40px\u00bb header_2_line_height_phone=\u00bb25px\u00bb header_2_line_height_last_edited=\u00bbon|phone\u00bb global_colors_info=\u00bb{}\u00bb]<\/p>\n<h2>Customized legal advice, with close personal attention.<\/h2>\n<p>[\/et_pb_text][\/et_pb_column][et_pb_column type=\u00bb1_5&#8243; _builder_version=\u00bb4.27.4&#8243; _module_preset=\u00bbdefault\u00bb global_colors_info=\u00bb{}\u00bb custom_css_main_element_last_edited=\u00bbon|phone\u00bb custom_css_main_element_phone=\u00bbmax-width:50px;||padding-top:30px;\u00bb][et_pb_image src=\u00bbhttps:\/\/mackennacruzat.cl\/mackenna2025\/wp-content\/uploads\/2025\/08\/parentesis-der.svg\u00bb title_text=\u00bbparentesis-der\u00bb _builder_version=\u00bb4.27.4&#8243; _module_preset=\u00bbdefault\u00bb global_colors_info=\u00bb{}\u00bb][\/et_pb_image][\/et_pb_column][\/et_pb_row][\/et_pb_section][et_pb_section fb_built=\u00bb1&#8243; admin_label=\u00bbFoto 3&#8243; module_class=\u00bbpanel-section\u00bb _builder_version=\u00bb4.27.4&#8243; _module_preset=\u00bbdefault\u00bb background_image=\u00bbhttps:\/\/mackennacruzat.cl\/mackenna2025\/wp-content\/uploads\/2025\/08\/bg-3.jpeg\u00bb min_height=\u00bb100vh\u00bb custom_css_main_element=\u00bbbackground-attachment:fixed !important;||background-size:cover !important;\u00bb global_colors_info=\u00bb{}\u00bb custom_css_main_element_last_edited=\u00bbon|desktop\u00bb custom_css_main_element_phone=\u00bbbackground-attachment:scroll !important;\u00bb custom_css_main_element_tablet=\u00bbbackground:fixed!important;\u00bb][et_pb_row column_structure=\u00bb1_5,3_5,1_5&#8243; make_equal=\u00bbon\u00bb custom_padding_last_edited=\u00bbon|phone\u00bb _builder_version=\u00bb4.27.4&#8243; _module_preset=\u00bbdefault\u00bb positioning=\u00bbfixed\u00bb position_origin_f=\u00bbcenter_center\u00bb custom_padding=\u00bb25vh||25vh||false|false\u00bb custom_padding_tablet=\u00bb25vh||25vh||false|false\u00bb custom_padding_phone=\u00bb15vh||15vh||false|false\u00bb global_colors_info=\u00bb{}\u00bb custom_css_main_element_last_edited=\u00bbon|desktop\u00bb custom_css_main_element_phone=\u00bbdisplay:flex;\u00bb][et_pb_column type=\u00bb1_5&#8243; _builder_version=\u00bb4.27.4&#8243; _module_preset=\u00bbdefault\u00bb global_colors_info=\u00bb{}\u00bb custom_css_main_element_last_edited=\u00bbon|phone\u00bb custom_css_main_element_phone=\u00bbmax-width:50px;||padding-top:30px;\u00bb][et_pb_image src=\u00bbhttps:\/\/mackennacruzat.cl\/mackenna2025\/wp-content\/uploads\/2025\/08\/parentesis-der.svg\u00bb title_text=\u00bbparentesis-der\u00bb admin_label=\u00bbImagen\u00bb _builder_version=\u00bb4.27.4&#8243; _module_preset=\u00bbdefault\u00bb transform_rotate=\u00bb0deg|0deg|180deg\u00bb custom_margin=\u00bb||||false|false\u00bb custom_padding=\u00bb||||false|false\u00bb global_colors_info=\u00bb{}\u00bb][\/et_pb_image][\/et_pb_column][et_pb_column type=\u00bb3_5&#8243; _builder_version=\u00bb4.27.4&#8243; _module_preset=\u00bbdefault\u00bb custom_css_main_element=\u00bbmargin:auto;\u00bb global_colors_info=\u00bb{}\u00bb][et_pb_text admin_label=\u00bbTexto 3&#8243; _builder_version=\u00bb4.27.4&#8243; _module_preset=\u00bbdefault\u00bb header_2_text_align=\u00bbcenter\u00bb header_2_text_color=\u00bb#EFEDE9&#8243; header_2_font_size=\u00bb30px\u00bb header_2_line_height=\u00bb40px\u00bb max_width=\u00bb550px\u00bb module_alignment=\u00bbcenter\u00bb header_2_font_size_tablet=\u00bb30px\u00bb header_2_font_size_phone=\u00bb18px\u00bb header_2_font_size_last_edited=\u00bbon|phone\u00bb header_2_line_height_tablet=\u00bb40px\u00bb header_2_line_height_phone=\u00bb25px\u00bb header_2_line_height_last_edited=\u00bbon|phone\u00bb global_colors_info=\u00bb{}\u00bb]<\/p>\n<h2>Over 40 years of experience creating value for our clients.<\/h2>\n<p>[\/et_pb_text][\/et_pb_column][et_pb_column type=\u00bb1_5&#8243; _builder_version=\u00bb4.27.4&#8243; _module_preset=\u00bbdefault\u00bb global_colors_info=\u00bb{}\u00bb custom_css_main_element_last_edited=\u00bbon|phone\u00bb custom_css_main_element_phone=\u00bbmax-width:50px;||padding-top:30px;\u00bb][et_pb_image src=\u00bbhttps:\/\/mackennacruzat.cl\/mackenna2025\/wp-content\/uploads\/2025\/08\/parentesis-der.svg\u00bb title_text=\u00bbparentesis-der\u00bb _builder_version=\u00bb4.27.4&#8243; _module_preset=\u00bbdefault\u00bb global_colors_info=\u00bb{}\u00bb][\/et_pb_image][\/et_pb_column][\/et_pb_row][et_pb_row _builder_version=\u00bb4.27.4&#8243; _module_preset=\u00bbdefault\u00bb global_colors_info=\u00bb{}\u00bb][et_pb_column type=\u00bb4_4&#8243; _builder_version=\u00bb4.27.4&#8243; _module_preset=\u00bbdefault\u00bb global_colors_info=\u00bb{}\u00bb][et_pb_code _builder_version=\u00bb4.27.4&#8243; _module_preset=\u00bbdefault\u00bb positioning=\u00bbabsolute\u00bb width=\u00bb100%\u00bb custom_margin=\u00bb0px|0px|0px|0px|false|false\u00bb custom_padding=\u00bb0px|0px|0px|0px|false|false\u00bb global_colors_info=\u00bb{}\u00bb]<\/p>\n<style>\/* Limitar el alcance a las tres primeras secciones del home *\/<!-- [et_pb_line_break_holder] -->.page-id-876 .et_builder_inner_content > .et_pb_section.panel-section .et_pb_row {<!-- [et_pb_line_break_holder] -->  opacity: 0;<!-- [et_pb_line_break_holder] -->  pointer-events: none;<!-- [et_pb_line_break_holder] -->  transition: opacity .25s ease;<!-- [et_pb_line_break_holder] -->}<!-- [et_pb_line_break_holder] -->.page-id-876 .et_builder_inner_content > .et_pb_section.panel-section.is-active .et_pb_row {<!-- [et_pb_line_break_holder] -->  opacity: 1;<!-- [et_pb_line_break_holder] -->  pointer-events: auto;<!-- [et_pb_line_break_holder] -->}<!-- [et_pb_line_break_holder] -->  <\/style>\n<p><!-- [et_pb_line_break_holder] --><script><!-- [et_pb_line_break_holder] -->document.addEventListener('DOMContentLoaded', function () {<!-- [et_pb_line_break_holder] -->  if (!document.body.classList.contains('page-id-876')) return;<!-- [et_pb_line_break_holder] --><!-- [et_pb_line_break_holder] -->  \/\/ Toma SOLO las 3 primeras secciones de ese bloque<!-- [et_pb_line_break_holder] -->  const container = document.querySelector('#main-content .et_builder_inner_content');<!-- [et_pb_line_break_holder] -->  if (!container) return;<!-- [et_pb_line_break_holder] --><!-- [et_pb_line_break_holder] -->  const sections = Array.from(container.querySelectorAll(':scope > .et_pb_section')).slice(0, 3);<!-- [et_pb_line_break_holder] -->  if (!sections.length) return;<!-- [et_pb_line_break_holder] --><!-- [et_pb_line_break_holder] -->  \/\/ Etiqueta para el CSS de alcance<!-- [et_pb_line_break_holder] -->  sections.forEach(sec => sec.classList.add('panel-section'));<!-- [et_pb_line_break_holder] --><!-- [et_pb_line_break_holder] -->  \/\/ Activa la primera por defecto<!-- [et_pb_line_break_holder] -->  sections[0].classList.add('is-active');<!-- [et_pb_line_break_holder] --><!-- [et_pb_line_break_holder] -->  \/\/ IntersectionObserver: cuando una secci\u00f3n ocupa ~60% del viewport, la activamos<!-- [et_pb_line_break_holder] -->  if ('IntersectionObserver' in window) {<!-- [et_pb_line_break_holder] -->    let active = sections[0];<!-- [et_pb_line_break_holder] -->    const io = new IntersectionObserver((entries) => {<!-- [et_pb_line_break_holder] -->      entries.forEach(entry => {<!-- [et_pb_line_break_holder] -->        if (!entry.isIntersecting) return;<!-- [et_pb_line_break_holder] -->        const idx = sections.indexOf(entry.target);<!-- [et_pb_line_break_holder] -->        if (idx === -1) return;<!-- [et_pb_line_break_holder] -->        if (active !== entry.target) {<!-- [et_pb_line_break_holder] -->          active && active.classList.remove('is-active');<!-- [et_pb_line_break_holder] -->          entry.target.classList.add('is-active');<!-- [et_pb_line_break_holder] -->          active = entry.target;<!-- [et_pb_line_break_holder] -->        }<!-- [et_pb_line_break_holder] -->      });<!-- [et_pb_line_break_holder] -->    }, { threshold: 0.6 });<!-- [et_pb_line_break_holder] --><!-- [et_pb_line_break_holder] -->    sections.forEach(s => io.observe(s));<!-- [et_pb_line_break_holder] -->  } else {<!-- [et_pb_line_break_holder] -->    \/\/ Fallback por scroll si no existe IO<!-- [et_pb_line_break_holder] -->    const onScroll = () => {<!-- [et_pb_line_break_holder] -->      const vh = window.innerHeight || document.documentElement.clientHeight;<!-- [et_pb_line_break_holder] -->      let best = sections[0], bestVis = -1;<!-- [et_pb_line_break_holder] -->      sections.forEach(sec => {<!-- [et_pb_line_break_holder] -->        const r = sec.getBoundingClientRect();<!-- [et_pb_line_break_holder] -->        const vis = Math.max(0, Math.min(r.bottom, vh) - Math.max(r.top, 0));<!-- [et_pb_line_break_holder] -->        if (vis > bestVis) { bestVis = vis; best = sec; }<!-- [et_pb_line_break_holder] -->      });<!-- [et_pb_line_break_holder] -->      sections.forEach(s => s.classList.toggle('is-active', s === best));<!-- [et_pb_line_break_holder] -->    };<!-- [et_pb_line_break_holder] -->    onScroll();<!-- [et_pb_line_break_holder] -->    window.addEventListener('scroll', onScroll, { passive: true });<!-- [et_pb_line_break_holder] -->    window.addEventListener('resize', onScroll);<!-- [et_pb_line_break_holder] -->  }<!-- [et_pb_line_break_holder] -->});<!-- [et_pb_line_break_holder] --><\/script>[\/et_pb_code][\/et_pb_column][\/et_pb_row][\/et_pb_section]<\/p>","protected":false},"excerpt":{"rendered":"<p>Somos un equipo de abogados que trabaja colectivamente en la soluci\u00f3n de desaf\u00edos legales.Asesor\u00eda legal personalizada, y un trato cercano.M\u00e1s de 40 a\u00f1os de trayectoria generando valor en nuestros clientes.<\/p>","protected":false},"author":1,"featured_media":0,"parent":0,"menu_order":0,"comment_status":"closed","ping_status":"closed","template":"","meta":{"_acf_changed":false,"_et_pb_use_builder":"on","_et_pb_old_content":"","_et_gb_content_width":"","inline_featured_image":false,"footnotes":""},"class_list":["post-876","page","type-page","status-publish","hentry"],"acf":[],"_links":{"self":[{"href":"https:\/\/mackennacruzat.cl\/en\/wp-json\/wp\/v2\/pages\/876","targetHints":{"allow":["GET"]}}],"collection":[{"href":"https:\/\/mackennacruzat.cl\/en\/wp-json\/wp\/v2\/pages"}],"about":[{"href":"https:\/\/mackennacruzat.cl\/en\/wp-json\/wp\/v2\/types\/page"}],"author":[{"embeddable":true,"href":"https:\/\/mackennacruzat.cl\/en\/wp-json\/wp\/v2\/users\/1"}],"replies":[{"embeddable":true,"href":"https:\/\/mackennacruzat.cl\/en\/wp-json\/wp\/v2\/comments?post=876"}],"version-history":[{"count":38,"href":"https:\/\/mackennacruzat.cl\/en\/wp-json\/wp\/v2\/pages\/876\/revisions"}],"predecessor-version":[{"id":1838,"href":"https:\/\/mackennacruzat.cl\/en\/wp-json\/wp\/v2\/pages\/876\/revisions\/1838"}],"wp:attachment":[{"href":"https:\/\/mackennacruzat.cl\/en\/wp-json\/wp\/v2\/media?parent=876"}],"curies":[{"name":"wp","href":"https:\/\/api.w.org\/{rel}","templated":true}]}}