{"id":50,"date":"2025-08-20T04:47:22","date_gmt":"2025-08-20T02:47:22","guid":{"rendered":"https:\/\/mackennacruzat.cl\/mackenna2025\/?page_id=50"},"modified":"2025-12-05T12:51:38","modified_gmt":"2025-12-05T15:51:38","slug":"somos-mc","status":"publish","type":"page","link":"https:\/\/mackennacruzat.cl\/en\/somos-mc\/","title":{"rendered":"About [MC]"},"content":{"rendered":"<p>[et_pb_section fb_built=\u00bb1&#8243; _builder_version=\u00bb4.27.4&#8243; _module_preset=\u00bbdefault\u00bb background_color=\u00bb#efede9&#8243; custom_margin=\u00bb||||false|false\u00bb custom_padding=\u00bb100px||100px||false|false\u00bb global_colors_info=\u00bb{}\u00bb][et_pb_row _builder_version=\u00bb4.27.4&#8243; _module_preset=\u00bbdefault\u00bb width=\u00bb100%\u00bb max_width=\u00bb96%\u00bb global_colors_info=\u00bb{}\u00bb][et_pb_column type=\u00bb4_4&#8243; _builder_version=\u00bb4.27.4&#8243; _module_preset=\u00bbdefault\u00bb global_colors_info=\u00bb{}\u00bb][et_pb_text _builder_version=\u00bb4.27.4&#8243; _module_preset=\u00bbdefault\u00bb header_font_size=\u00bb40px\u00bb header_line_height=\u00bb45px\u00bb max_width=\u00bb610px\u00bb global_colors_info=\u00bb{}\u00bb]<\/p>\n<h1>Offering strategic legal solutions since 1984.<\/h1>\n<p>[\/et_pb_text][\/et_pb_column][\/et_pb_row][et_pb_row _builder_version=\u00bb4.27.4&#8243; _module_preset=\u00bbdefault\u00bb width=\u00bb100%\u00bb max_width=\u00bb96%\u00bb global_colors_info=\u00bb{}\u00bb][et_pb_column type=\u00bb4_4&#8243; _builder_version=\u00bb4.27.4&#8243; _module_preset=\u00bbdefault\u00bb global_colors_info=\u00bb{}\u00bb][et_pb_text _builder_version=\u00bb4.27.4&#8243; _module_preset=\u00bbdefault\u00bb text_text_color=\u00bb#3A4853&#8243; text_font_size=\u00bb20px\u00bb text_line_height=\u00bb30px\u00bb header_font_size=\u00bb40px\u00bb header_line_height=\u00bb45px\u00bb max_width=\u00bb640px\u00bb module_alignment=\u00bbcenter\u00bb global_colors_info=\u00bb{}\u00bb]<\/p>\n<p>We are a law firm with over 40 years of experience, committed to generating value for our clients by engaging in every stage of their business development.<\/p>\n<p>Founded in 1984 by Guillermo Mackenna Echaurren, with the aim of providing representation services, personalized advice, and a sense of urgency.<\/p>\n<p>[\/et_pb_text][\/et_pb_column][\/et_pb_row][\/et_pb_section][et_pb_section fb_built=\u00bb1&#8243; _builder_version=\u00bb4.27.4&#8243; _module_preset=\u00bbdefault\u00bb background_image=\u00bbhttps:\/\/mackennacruzat.cl\/mackenna2025\/wp-content\/uploads\/2025\/12\/Mackenna-Cruzat-y-Cia-164-scaled.jpg\u00bb custom_padding=\u00bb0px||0px||false|false\u00bb custom_css_main_element=\u00bbbackground-attachment:fixed;\u00bb global_colors_info=\u00bb{}\u00bb custom_css_main_element_last_edited=\u00bbon|phone\u00bb custom_css_main_element_phone=\u00bbbackground-attachment:scroll;\u00bb custom_css_main_element_tablet=\u00bbbackground-attachment:fixed;\u00bb][et_pb_row _builder_version=\u00bb4.27.4&#8243; _module_preset=\u00bbdefault\u00bb width=\u00bb100%\u00bb max_width=\u00bb100%\u00bb min_height=\u00bb90vh\u00bb custom_padding=\u00bb0px||0px||false|false\u00bb global_colors_info=\u00bb{}\u00bb][et_pb_column type=\u00bb4_4&#8243; _builder_version=\u00bb4.27.4&#8243; _module_preset=\u00bbdefault\u00bb global_colors_info=\u00bb{}\u00bb][\/et_pb_column][\/et_pb_row][\/et_pb_section][et_pb_section fb_built=\u00bb1&#8243; _builder_version=\u00bb4.27.4&#8243; _module_preset=\u00bbdefault\u00bb background_enable_image=\u00bboff\u00bb custom_padding=\u00bb0px||0px||false|false\u00bb custom_css_main_element=\u00bbbackground-attachment:fixed;\u00bb global_colors_info=\u00bb{}\u00bb][et_pb_row _builder_version=\u00bb4.27.4&#8243; _module_preset=\u00bbdefault\u00bb width=\u00bb100%\u00bb max_width=\u00bb100%\u00bb custom_padding=\u00bb0px||0px||false|false\u00bb global_colors_info=\u00bb{}\u00bb][et_pb_column type=\u00bb4_4&#8243; _builder_version=\u00bb4.27.4&#8243; _module_preset=\u00bbdefault\u00bb global_colors_info=\u00bb{}\u00bb][\/et_pb_column][\/et_pb_row][et_pb_row column_structure=\u00bb1_4,1_2,1_4&#8243; _builder_version=\u00bb4.27.4&#8243; _module_preset=\u00bbdefault\u00bb width=\u00bb100%\u00bb max_width=\u00bb96%\u00bb custom_margin=\u00bb100px||100px||false|false\u00bb global_colors_info=\u00bb{}\u00bb][et_pb_column type=\u00bb1_4&#8243; _builder_version=\u00bb4.27.4&#8243; _module_preset=\u00bbdefault\u00bb global_colors_info=\u00bb{}\u00bb][\/et_pb_column][et_pb_column type=\u00bb1_2&#8243; _builder_version=\u00bb4.27.4&#8243; _module_preset=\u00bbdefault\u00bb global_colors_info=\u00bb{}\u00bb][et_pb_image src=\u00bbhttps:\/\/mackennacruzat.cl\/mackenna2025\/wp-content\/uploads\/2025\/12\/Mackenna-Cruzat-y-Cia-50-scaled-e1764612170415.jpg\u00bb title_text=\u00bbMackenna-Cruzat-y-Cia-50&#8243; _builder_version=\u00bb4.27.4&#8243; _module_preset=\u00bbdefault\u00bb scroll_vertical_motion_enable=\u00bbon\u00bb scroll_vertical_motion=\u00bb0|50|50|100|0.5|0|-0.5&#8243; hover_enabled=\u00bb0&#8243; global_colors_info=\u00bb{}\u00bb sticky_enabled=\u00bb0&#8243;][\/et_pb_image][\/et_pb_column][et_pb_column type=\u00bb1_4&#8243; _builder_version=\u00bb4.27.4&#8243; _module_preset=\u00bbdefault\u00bb global_colors_info=\u00bb{}\u00bb][et_pb_image src=\u00bbhttps:\/\/mackennacruzat.cl\/mackenna2025\/wp-content\/uploads\/2025\/12\/Mackenna-Cruzat-y-Cia-118-scaled.jpg\u00bb title_text=\u00bbMackenna-Cruzat-y-Cia-118&#8243; _builder_version=\u00bb4.27.4&#8243; _module_preset=\u00bbdefault\u00bb scroll_vertical_motion_enable=\u00bbon\u00bb scroll_vertical_motion=\u00bb0|50|50|100|0.8|0|-0.8&#8243; hover_enabled=\u00bb0&#8243; global_colors_info=\u00bb{}\u00bb sticky_enabled=\u00bb0&#8243;][\/et_pb_image][\/et_pb_column][\/et_pb_row][\/et_pb_section]<\/p>","protected":false},"excerpt":{"rendered":"<p>Desde 1984, entregando soluciones legales estrat\u00e9gicas.Somos un estudio de abogados con m\u00e1s de 40 a\u00f1os de trayectoria y cuyo objetivo es generar valor a nuestros clientes, involucr\u00e1ndonos en todas las etapas del desarrollo de sus negocios. Fundado en 1984 por don Guillermo Mackenna Echaurren, con la finalidad de entregar un servicio de representaci\u00f3n, asesor\u00eda personalizada [&hellip;]<\/p>","protected":false},"author":1,"featured_media":0,"parent":0,"menu_order":0,"comment_status":"closed","ping_status":"closed","template":"","meta":{"_acf_changed":false,"_et_pb_use_builder":"on","_et_pb_old_content":"<!-- wp:divi\/placeholder \/-->","_et_gb_content_width":"","inline_featured_image":false,"footnotes":""},"class_list":["post-50","page","type-page","status-publish","hentry"],"acf":[],"_links":{"self":[{"href":"https:\/\/mackennacruzat.cl\/en\/wp-json\/wp\/v2\/pages\/50","targetHints":{"allow":["GET"]}}],"collection":[{"href":"https:\/\/mackennacruzat.cl\/en\/wp-json\/wp\/v2\/pages"}],"about":[{"href":"https:\/\/mackennacruzat.cl\/en\/wp-json\/wp\/v2\/types\/page"}],"author":[{"embeddable":true,"href":"https:\/\/mackennacruzat.cl\/en\/wp-json\/wp\/v2\/users\/1"}],"replies":[{"embeddable":true,"href":"https:\/\/mackennacruzat.cl\/en\/wp-json\/wp\/v2\/comments?post=50"}],"version-history":[{"count":16,"href":"https:\/\/mackennacruzat.cl\/en\/wp-json\/wp\/v2\/pages\/50\/revisions"}],"predecessor-version":[{"id":1584,"href":"https:\/\/mackennacruzat.cl\/en\/wp-json\/wp\/v2\/pages\/50\/revisions\/1584"}],"wp:attachment":[{"href":"https:\/\/mackennacruzat.cl\/en\/wp-json\/wp\/v2\/media?parent=50"}],"curies":[{"name":"wp","href":"https:\/\/api.w.org\/{rel}","templated":true}]}}